{"id":2649,"date":"2023-08-28T05:51:27","date_gmt":"2023-08-28T03:51:27","guid":{"rendered":"https:\/\/hanf.com\/info\/?page_id=2649"},"modified":"2025-03-03T15:50:32","modified_gmt":"2025-03-03T14:50:32","slug":"cannabis-clubs","status":"publish","type":"page","link":"https:\/\/hanf.com\/info\/cannabis-clubs\/","title":{"rendered":"Cannabis-Clubs"},"content":{"rendered":"","protected":false},"excerpt":{"rendered":"","protected":false},"author":3,"featured_media":0,"parent":0,"menu_order":0,"comment_status":"closed","ping_status":"closed","template":"","meta":{"_acf_changed":false,"_seopress_robots_primary_cat":"","_seopress_titles_title":"CSCs \u2013 Informationen und M\u00f6glichkeiten hier bei HANF.com","_seopress_titles_desc":"Erfahre mehr \u00fcber Cannabis Clubs bei HANF.com. Entdecke die Vorteile und M\u00f6glichkeiten, die diese Gemeinschaften bieten. Jetzt informieren!","_seopress_robots_index":"","footnotes":""},"class_list":["post-2649","page","type-page","status-publish","hentry"],"acf":[],"_links":{"self":[{"href":"https:\/\/hanf.com\/info\/wp-json\/wp\/v2\/pages\/2649","targetHints":{"allow":["GET"]}}],"collection":[{"href":"https:\/\/hanf.com\/info\/wp-json\/wp\/v2\/pages"}],"about":[{"href":"https:\/\/hanf.com\/info\/wp-json\/wp\/v2\/types\/page"}],"author":[{"embeddable":true,"href":"https:\/\/hanf.com\/info\/wp-json\/wp\/v2\/users\/3"}],"replies":[{"embeddable":true,"href":"https:\/\/hanf.com\/info\/wp-json\/wp\/v2\/comments?post=2649"}],"version-history":[{"count":2,"href":"https:\/\/hanf.com\/info\/wp-json\/wp\/v2\/pages\/2649\/revisions"}],"predecessor-version":[{"id":7581,"href":"https:\/\/hanf.com\/info\/wp-json\/wp\/v2\/pages\/2649\/revisions\/7581"}],"wp:attachment":[{"href":"https:\/\/hanf.com\/info\/wp-json\/wp\/v2\/media?parent=2649"}],"curies":[{"name":"wp","href":"https:\/\/api.w.org\/{rel}","templated":true}]}}