{"id":2697,"date":"2023-09-14T04:30:40","date_gmt":"2023-09-14T02:30:40","guid":{"rendered":"https:\/\/hanf.com\/info\/?page_id=2697"},"modified":"2024-04-12T10:00:12","modified_gmt":"2024-04-12T08:00:12","slug":"b2b","status":"publish","type":"page","link":"https:\/\/hanf.com\/info\/b2b\/","title":{"rendered":"Hanf.com f\u00fcr B2B"},"content":{"rendered":"<p>Wir bei Hanf.com sind stolz darauf, nicht nur hochwertige Produkte f\u00fcr unsere Endverbraucher anzubieten, sondern auch im B2B-Bereich aktiv zu sein.<\/p>\n<p>Unser B2B-Angebot richtet sich speziell an Unternehmen und Fachleute in der Hanfindustrie. Ob ihr Einzelh\u00e4ndler, Gro\u00dfh\u00e4ndler, Hersteller oder Vertreter einer anderen Gesch\u00e4ftst\u00e4tigkeit seid &#8211; wir bieten euch erstklassige Hanfprodukte und ma\u00dfgeschneiderte L\u00f6sungen, um euer Gesch\u00e4ft voranzutreiben.<\/p>\n<p>\t\t\t<a href=\"#\"><br \/>\n\t\t\t\t\t\tB2B-Partner werden<br \/>\n\t\t\t\t\t<\/a><br \/>\n\t\t\t<img width=\"7360\" height=\"4912\" src=\"https:\/\/hanf.com\/info\/wp-content\/uploads\/2021\/07\/top-view-of-hemp-leaf-in-hands-on-white-background-5XE39JH.png\" alt=\"Hanf.com\" decoding=\"async\" loading=\"lazy\" srcset=\"https:\/\/hanf.com\/info\/wp-content\/uploads\/2021\/07\/top-view-of-hemp-leaf-in-hands-on-white-background-5XE39JH.png 7360w, https:\/\/hanf.com\/info\/wp-content\/uploads\/2021\/07\/top-view-of-hemp-leaf-in-hands-on-white-background-5XE39JH-600x401.png 600w, https:\/\/hanf.com\/info\/wp-content\/uploads\/2021\/07\/top-view-of-hemp-leaf-in-hands-on-white-background-5XE39JH-300x200.png 300w, https:\/\/hanf.com\/info\/wp-content\/uploads\/2021\/07\/top-view-of-hemp-leaf-in-hands-on-white-background-5XE39JH-1024x683.png 1024w, https:\/\/hanf.com\/info\/wp-content\/uploads\/2021\/07\/top-view-of-hemp-leaf-in-hands-on-white-background-5XE39JH-768x513.png 768w, https:\/\/hanf.com\/info\/wp-content\/uploads\/2021\/07\/top-view-of-hemp-leaf-in-hands-on-white-background-5XE39JH-1536x1025.png 1536w, https:\/\/hanf.com\/info\/wp-content\/uploads\/2021\/07\/top-view-of-hemp-leaf-in-hands-on-white-background-5XE39JH-2048x1367.png 2048w\" sizes=\"auto, (max-width: 7360px) 100vw, 7360px\" \/><br \/>\n\t\t\t<svg>\n  <clipPath id=\"filial-hero\" clipPathUnits=\"objectBoundingBox\"><path d=\"M0.998,0.01 c-0.001,0,-0.003,0,-0.004,0.001 c-0.003,-0.002,-0.005,0,-0.008,0 c-0.002,0.001,-0.004,0,-0.005,0 c-0.002,0.001,-0.004,0.002,-0.005,0.002 c-0.003,0.002,-0.006,-0.002,-0.008,0 c-0.002,-0.001,-0.005,0.001,-0.006,0.002 c-0.001,0,-0.004,-0.001,-0.006,-0.001 c-0.003,0.002,-0.006,0.001,-0.008,0.005 c-0.003,-0.002,-0.005,-0.001,-0.008,0.001 c-0.002,0.001,-0.004,0.002,-0.005,0.003 c-0.002,-0.002,-0.004,-0.001,-0.005,0.002 c0,0,-0.003,-0.002,-0.003,-0.002 c-0.002,0.002,-0.003,0.002,-0.005,0 c-0.005,0.002,-0.011,0,-0.016,0.002 c-0.003,0.001,-0.006,0.002,-0.008,0.002 c-0.002,0.001,-0.004,0.002,-0.005,0.002 c-0.003,-0.001,-0.006,-0.001,-0.008,0.001 c-0.003,-0.002,-0.006,0,-0.009,0.001 c-0.002,-0.001,-0.004,-0.001,-0.006,0 c-0.002,-0.002,-0.004,-0.001,-0.006,0 c-0.004,-0.005,-0.008,0,-0.012,-0.002 c-0.003,0.001,-0.007,0.001,-0.011,0.002 c-0.003,-0.002,-0.006,0.002,-0.008,0.001 c-0.004,0.004,-0.008,-0.002,-0.012,-0.001 c-0.002,0.002,-0.005,0.004,-0.007,0.003 c-0.003,0.001,-0.006,0.003,-0.008,0 c-0.002,0.002,-0.005,0.004,-0.008,0.002 c-0.003,0.001,-0.006,0.003,-0.008,0 c-0.003,0.001,-0.005,-0.003,-0.008,0.001 c0,0,-0.003,0,-0.003,0 c-0.002,0.002,-0.004,0.002,-0.005,0 c-0.003,0.001,-0.005,-0.002,-0.007,-0.005 c-0.002,-0.002,-0.005,-0.001,-0.007,-0.004 c-0.001,-0.001,-0.004,-0.001,-0.005,-0.001 c-0.002,-0.001,-0.004,-0.001,-0.005,0 c-0.002,0.002,-0.005,0.001,-0.008,0.002 c-0.004,0.005,-0.009,0.005,-0.013,0.006 c-0.006,0.002,-0.011,-0.005,-0.017,-0.003 c-0.003,-0.004,-0.008,-0.004,-0.012,-0.004 c-0.003,-0.003,-0.007,-0.001,-0.01,-0.002 c-0.003,0,-0.006,-0.002,-0.008,-0.003 c-0.002,-0.001,-0.003,0,-0.005,0.001 c-0.002,0.002,-0.005,0.003,-0.008,0.003 c-0.002,0.001,-0.005,0,-0.008,0.002 c-0.001,-0.001,-0.003,-0.002,-0.005,-0.001 c-0.001,-0.001,-0.003,-0.002,-0.005,-0.002 c-0.002,-0.001,-0.004,0,-0.006,0.001 c0,0,-0.003,-0.002,-0.003,-0.002 c-0.003,-0.002,-0.006,-0.001,-0.008,-0.004 c-0.003,-0.001,-0.006,-0.001,-0.008,-0.003 c-0.002,0.003,-0.005,0.002,-0.008,0.002 c-0.001,0.002,-0.004,0.003,-0.005,0.003 c-0.002,0.004,-0.005,0.003,-0.008,0.002 c-0.002,-0.002,-0.004,-0.001,-0.006,0.001 c-0.002,0,-0.005,0.001,-0.006,0.001 c-0.001,-0.002,-0.003,-0.004,-0.005,-0.003 c-0.001,-0.001,-0.003,-0.003,-0.004,-0.005 c-0.004,0.002,-0.008,-0.002,-0.012,-0.002 c-0.004,-0.002,-0.008,0.003,-0.012,0 c-0.003,0.004,-0.007,0.003,-0.011,0.005 c-0.002,-0.002,-0.005,0,-0.007,-0.001 c-0.001,-0.005,-0.002,-0.004,-0.005,-0.002 c-0.002,-0.003,-0.005,-0.003,-0.007,-0.004 c-0.002,-0.002,-0.004,-0.002,-0.006,0 c-0.002,-0.003,-0.005,-0.004,-0.008,-0.003 c-0.001,-0.001,-0.004,-0.001,-0.006,-0.001 c-0.003,0.001,-0.006,0.004,-0.009,0.002 c-0.002,0.003,-0.006,0.002,-0.009,0.003 c-0.001,-0.002,-0.004,-0.004,-0.005,-0.004 c-0.002,-0.002,-0.005,-0.005,-0.007,-0.006 c-0.004,-0.001,-0.009,-0.003,-0.013,0.003 c-0.003,0,-0.006,0,-0.008,0.003 c-0.001,0.001,-0.004,0.002,-0.006,0.001 c-0.004,0.001,-0.007,0.004,-0.011,0.005 c-0.001,0,-0.004,-0.001,-0.006,0 c-0.003,-0.001,-0.006,-0.003,-0.008,-0.001 c-0.001,-0.002,-0.004,-0.002,-0.006,-0.002 c-0.004,-0.003,-0.009,-0.007,-0.013,-0.01 c-0.002,0.003,-0.006,0.002,-0.008,0.001 c-0.001,0.001,-0.004,0.002,-0.006,0.001 c-0.005,0.004,-0.011,0.007,-0.016,0.007 C0.378,0.022,0.373,0.023,0.368,0.023 c-0.003,-0.003,-0.006,0,-0.009,0.002 c-0.001,0,-0.004,0.001,-0.005,0.002 c-0.002,-0.001,-0.005,-0.001,-0.007,-0.003 c-0.002,0,-0.005,-0.001,-0.007,-0.003 c-0.001,0.001,-0.004,0.001,-0.006,0.001 c-0.003,0,-0.006,0.002,-0.008,0 c-0.001,0.002,-0.004,0.002,-0.006,0.002 c-0.001,0.001,-0.004,0.003,-0.005,0.003 c-0.001,0,-0.004,0,-0.006,0.002 c-0.001,0,-0.004,0,-0.006,0.001 c-0.004,0.002,-0.008,0.004,-0.012,0.003 c0,0,-0.003,0.001,-0.003,0.001 l-0.003,-0.003 l-0.003,0 l-0.002,-0.002 c-0.001,-0.001,-0.004,-0.002,-0.004,-0.004 c-0.001,0,-0.005,0,-0.006,0 c-0.001,-0.002,-0.004,-0.005,-0.005,-0.005 c0,0,-0.002,0.004,-0.002,0.004 l-0.003,-0.001 l-0.002,0.003 c-0.002,0.002,-0.005,0.003,-0.007,0.006 c0,0,-0.002,0.002,-0.002,0.002 l-0.003,-0.002 l-0.004,0 L0.24,0.029 c-0.001,-0.002,-0.003,-0.002,-0.005,-0.002 c-0.004,-0.003,-0.009,-0.001,-0.012,-0.003 c-0.002,-0.002,-0.005,-0.002,-0.007,-0.004 c-0.002,-0.003,-0.005,-0.002,-0.007,-0.001 c-0.001,0.001,-0.004,0,-0.005,-0.001 c-0.003,0,-0.006,0.002,-0.008,0.003 c-0.005,-0.001,-0.008,0.008,-0.013,0.007 c-0.004,-0.001,-0.007,0.003,-0.01,0.006 c-0.001,0,-0.005,0,-0.006,0 c-0.001,0.002,-0.004,0.003,-0.005,0.002 c0,0,-0.003,0.002,-0.003,0.002 l-0.002,-0.004 c-0.003,-0.002,-0.006,-0.006,-0.009,-0.008 c-0.001,-0.002,-0.002,-0.005,-0.003,-0.007 c-0.002,-0.001,-0.006,-0.002,-0.008,0 c0,0,-0.001,0.005,-0.001,0.005 L0.133,0.028 c-0.001,-0.001,-0.005,-0.002,-0.006,0 c-0.003,-0.001,-0.006,-0.005,-0.008,-0.004 c-0.001,0,-0.004,-0.002,-0.005,-0.004 c-0.001,-0.001,-0.005,0,-0.006,0.001 C0.104,0.024,0.101,0.027,0.098,0.03 c-0.001,0,-0.004,0.001,-0.005,0.002 c-0.002,-0.004,-0.005,-0.002,-0.008,-0.001 c-0.001,0,-0.004,0.001,-0.005,0.002 c-0.002,0.002,-0.006,0.002,-0.008,0.005 c-0.004,0.002,-0.009,0.004,-0.014,0.005 c-0.003,0,-0.005,0.005,-0.008,0.006 c-0.002,-0.001,-0.006,-0.002,-0.008,0 c-0.002,0,-0.005,-0.003,-0.007,-0.005 c0,0,-0.002,-0.003,-0.002,-0.003 l-0.003,0.001 l-0.003,-0.001 c-0.001,0.002,-0.003,0.005,-0.004,0.006 c-0.001,0.001,-0.004,0.002,-0.006,0.002 c-0.002,-0.002,-0.006,-0.003,-0.009,0 c-0.002,-0.004,-0.006,-0.003,-0.008,-0.002 c-0.001,-0.001,-0.002,-0.002,-0.003,-0.002 v0.926 c0,0,0.001,-0.001,0.001,-0.001 c0.003,0.002,0.006,0.001,0.008,-0.001 c0,0,0.004,0.002,0.004,0.002 c0.003,0,0.006,-0.002,0.008,-0.004 c0.002,0.002,0.006,0.004,0.009,0.005 c0.005,-0.007,0.011,-0.003,0.016,-0.005 c0,0,0.003,0.007,0.003,0.007 l0.004,0.001 c0.002,0.003,0.005,0.005,0.008,0.004 c0,0,0.004,-0.006,0.004,-0.006 c0.003,0.002,0.005,0.001,0.008,-0.002 c0.002,0.003,0.005,0.006,0.008,0.005 c0.002,-0.002,0.006,-0.002,0.008,-0.001 c0.004,-0.001,0.008,0.001,0.012,0.005 c0,0,0.004,-0.003,0.004,-0.003 c0.002,0.002,0.006,0.002,0.008,0 c0,0,0.004,0.006,0.004,0.006 c0.002,-0.002,0.006,-0.004,0.009,-0.004 c0.004,0.006,0.008,0.009,0.013,0.007 c0.004,-0.001,0.009,0.003,0.013,0.002 c0.002,0.002,0.006,0.003,0.009,0.002 c0.007,0.003,0.004,0.012,0.011,0.007 c0.004,0.004,0.008,-0.002,0.012,-0.007 c0,0,0.004,0.002,0.004,0.002 c0.002,-0.002,0.006,-0.001,0.009,0 c0.004,-0.002,0.009,-0.006,0.013,-0.003 c0.001,-0.005,0.005,-0.009,0.007,-0.011 c0,0,0.005,0.003,0.005,0.003 c0.002,-0.002,0.006,-0.005,0.008,-0.007 c0.004,-0.002,0.009,-0.001,0.013,0.001 c0.003,-0.001,0.006,0,0.008,0.002 c0.004,-0.006,0.004,-0.007,0.008,0 c0.003,0.002,0.007,0,0.009,-0.003 c0.002,0.003,0.006,0.004,0.008,0.002 c0.007,0.002,0.014,0.007,0.02,0.01 c0.004,0.002,0.009,0.004,0.012,0.004 c0.002,0.002,0.006,0.004,0.009,0.005 c0,0,0.003,0.005,0.003,0.005 l0.004,-0.001 c0.003,-0.005,0.008,-0.002,0.012,-0.003 c0.004,0.001,0.008,-0.003,0.012,-0.004 c0.005,0.004,0.011,0.003,0.016,0 c0.002,0.001,0.006,0.003,0.008,0.002 c0,0,0.004,-0.004,0.004,-0.004 c0.002,0.002,0.006,0.002,0.008,0 c0.005,-0.001,0.008,-0.006,0.012,0.001 c0.004,-0.003,0.008,-0.005,0.012,-0.001 c0.003,-0.001,0.006,0,0.008,0.003 c0.002,0,0.007,0,0.009,0 c0.003,0.004,0.008,0.007,0.011,0.012 c0.002,0,0.007,0,0.009,-0.001 c0.012,0.005,0.008,-0.005,0.017,-0.007 c0.005,0.004,0.012,0.006,0.017,0.001 c0.006,0.002,0.012,0.002,0.017,-0.002 c0.004,-0.002,0.009,0.001,0.013,-0.003 c0.002,0.001,0.006,0.002,0.008,0.001 c0.002,0.002,0.006,0.003,0.008,0.003 c0.003,-0.005,0.004,-0.007,0.008,-0.002 c0.002,-0.002,0.006,-0.003,0.008,-0.004 c0.005,-0.001,0.012,0.001,0.017,0.003 c0.002,-0.002,0.006,-0.002,0.008,-0.002 c0.004,-0.003,0.009,-0.003,0.013,-0.006 c0.005,0.007,0.008,0.007,0.013,-0.001 c0.004,0.004,0.009,0.005,0.013,0.002 c0.004,0.003,0.009,-0.001,0.013,-0.002 c0.008,0.009,0.005,-0.005,0.013,-0.002 c0.006,0.007,0.011,-0.002,0.018,0.002 c0.007,-0.007,0.005,0.004,0.013,-0.001 c0.002,0.001,0.006,-0.001,0.008,-0.003 c0,0,0.004,0.001,0.004,0.001 c0.003,-0.004,0.005,-0.004,0.008,0 c0.006,-0.008,0.005,0.002,0.012,0 c0.002,0.001,0.007,-0.001,0.008,-0.004 c0.004,-0.001,0.009,0,0.013,0.002 c0.003,-0.005,0.009,-0.005,0.013,-0.002 c0.005,-0.002,0.011,0.004,0.015,0 c0.003,-0.001,0.008,-0.003,0.011,-0.002 c0.007,-0.003,0.015,-0.002,0.022,0.002 c0,0,0.005,-0.004,0.005,-0.004 l0.005,0.002 c0.004,-0.005,0.009,0,0.013,0.002 c0.005,-0.006,0.011,-0.003,0.016,-0.006 c0.002,0.003,0.006,0.005,0.008,0.004 c0.003,-0.007,0.008,-0.007,0.012,-0.001 c0,0,0.004,-0.005,0.004,-0.005 l0.004,0.004 c0.003,-0.007,0.003,-0.008,0.007,-0.001 c0.002,0.001,0.006,0.002,0.008,0.002 c0.002,0.002,0.007,0.002,0.009,0.001 c0.003,0.004,0.008,0.003,0.011,0.006 c0.002,-0.002,0.006,-0.005,0.007,-0.005 c0,0,0.004,-0.003,0.004,-0.003 l0.004,0.001 c0.002,0,0.006,0,0.008,0.001 c0.004,-0.002,0.009,-0.002,0.013,-0.003 c0.002,0.001,0.007,0.001,0.009,0 c0.004,0.003,0.009,0.002,0.013,0.002 c0.002,0.001,0.007,0.004,0.009,0.005 c0.004,-0.002,0.009,-0.002,0.012,-0.007 c0,0,0.004,0.004,0.004,0.004 l0.004,-0.001 c0.006,0.003,0.013,0.007,0.018,-0.001 c0.003,0.002,0.008,0.007,0.011,0.005 c0,0,0.004,-0.006,0.004,-0.006 l0.004,-0.001 V0.01\"><\/path><\/clipPath>\n<\/svg>\t\t<\/p>\n<h2>Warum mit uns zusammenarbeiten?<\/h2>\n<p>\t\t\t<img decoding=\"async\" src=\"https:\/\/hanf.com\/info\/wp-content\/uploads\/2023\/05\/1-qualitaetspruefung.png\"><br \/>\nQualit\u00e4t und Zuverl\u00e4ssigkeit<\/p>\n<p>Wir legen gro\u00dfen Wert auf die Qualit\u00e4t unserer Produkte und arbeiten nur mit f\u00fchrenden Herstellern in der Hanfindustrie zusammen. Ihr k\u00f6nnt euch darauf verlassen, dass ihr bei uns erstklassige Hanfprodukte erhaltet, die h\u00f6chsten Standards entsprechen.<\/p>\n<p><img decoding=\"async\" src=\"https:\/\/hanf.com\/info\/wp-content\/uploads\/2023\/07\/CSC-Bilder-1.png\"><br \/>\nVielfalt und Auswahl<\/p>\n<p>Unser Produktportfolio umfasst eine breite Palette an Hanfprodukten, darunter CBD-\u00d6le, Hanfkosmetik, Lebensmittel mit Hanf, Hanfkleidung und vieles mehr. Mit unserer gro\u00dfen Auswahl k\u00f6nnt ihr eure Kundenbasis erweitern und verschiedene Marktsegmente bedienen.<\/p>\n<p><img decoding=\"async\" src=\"https:\/\/hanf.com\/info\/wp-content\/uploads\/2023\/05\/2-preiswerte-versorgung.png\"><br \/>\nWettbewerbsf\u00e4hige Preise<\/p>\n<p>Wir bieten euch wettbewerbsf\u00e4hige Preise an, damit ihr eure Gewinnmargen maximieren k\u00f6nnt. Dank unserer langj\u00e4hrigen Erfahrung und Vernetzung in der Branche k\u00f6nnen wir euch g\u00fcnstige Einkaufsbedingungen anbieten.<\/p>\n<p><img decoding=\"async\" src=\"https:\/\/hanf.com\/info\/wp-content\/uploads\/2023\/05\/4-vertraulich-diskret.png\"><br \/>\nKundenservice<\/p>\n<p>Unser engagiertes Kundenserviceteam steht euch bei Fragen und Anliegen zur Seite. Wir sind bem\u00fcht, euch erstklassigen Kundenservice zu bieten und sicherzustellen, dass ihr mit eurer gesch\u00e4ftlichen Zusammenarbeit mit uns zufrieden seid.<\/p>\n<h2>Wollt Ihr unser Partner werden?<\/h2>\n<p>Wir freuen uns darauf, mit euch eine erfolgreiche Gesch\u00e4fts\u00adpartnerschaft aufzubauen. Um B2B-Partner zu werden, m\u00fcsst ihr zwei einfache Schritte befolgen:<\/p>\n<h3>Schritt 1: Bei Hanf.com registrieren<\/h3>\n<p><a href=\"https:\/\/hanf.com\/Registrieren\">Legt zun\u00e4chst ein Kundenkonto auf Hanf.com an<\/a>. Dies erm\u00f6glicht euch einen schnellen und einfachen Zugang zu unseren B2B-Services.<\/p>\n<h3>Schritt 2: Formular ausf\u00fcllen<\/h3>\n<p>Kehrt dann auf diese Seite zur\u00fcck und f\u00fcllt das Formular aus, damit wir eure B2B-Anfrage bearbeiten k\u00f6nnen. Sobald wir euren Antrag erhalten haben, wird sich einer unserer B2B-Experten in K\u00fcrze mit euch in Verbindung setzen, um weitere Details zu besprechen.<\/p>\n<form data-form_id=\"7\" id=\"fluentform_7\" data-form_instance=\"ff_form_instance_7_1\" method=\"POST\" >\n<fieldset style=\"border: none!important;margin: 0!important;padding: 0!important;background-color: transparent!important;box-shadow: none!important;outline: none!important; min-inline-size: 100%;\">\n<legend style=\"display: block; margin: 0!important;padding: 0!important;height: 0!important;text-indent: -999999px;width: 0!important;overflow:hidden;\">B2B Anfrage<\/legend>\n<p><input type='hidden' name='__fluent_form_embded_post_id' value='2697' \/><input type=\"hidden\" id=\"_fluentform_7_fluentformnonce\" name=\"_fluentform_7_fluentformnonce\" value=\"1aca5d47f5\" \/><input type=\"hidden\" name=\"_wp_http_referer\" value=\"\/info\/wp-admin\/admin-ajax.php\" \/><label for='ff_7_names_first_name_' aria-label=\"Vorname\">Vorname<\/label><input type=\"text\" name=\"names[first_name]\" id=\"ff_7_names_first_name_\" aria-invalid=\"false\" aria-required=false><label for='ff_7_names_last_name_' aria-label=\"Nachname\">Nachname<\/label><input type=\"text\" name=\"names[last_name]\" id=\"ff_7_names_last_name_\" aria-invalid=\"false\" aria-required=false><label for='ff_7_input_text' aria-label=\"Name des Unternehmens\">Name des Unternehmens<\/label><input type=\"text\" name=\"input_text\" data-name=\"input_text\" id=\"ff_7_input_text\"  aria-invalid=\"false\" aria-required=true><label for='ff_7_input_text_1' aria-label=\"Ust.-Ident.-Nr.\">Ust.-Ident.-Nr.<\/label><input type=\"text\" name=\"input_text_1\" data-name=\"input_text_1\" id=\"ff_7_input_text_1\"  aria-invalid=\"false\" aria-required=true><label for='ff_7_email' aria-label=\"E-Mail-Adresse f\u00fcr Hanf.com Konto\">E-Mail-Adresse f\u00fcr Hanf.com Konto<\/label><input type=\"email\" name=\"email\" id=\"ff_7_email\" data-name=\"email\"  aria-invalid=\"false\" aria-required=true><label for='ff_7_phone' aria-label=\"Telefon (optional)\">Telefon (optional)<\/label><input name=\"phone\" type=\"tel\" data-name=\"phone\" id=\"ff_7_phone\" inputmode=\"tel\"  aria-invalid='false' aria-required=false><label aria-label='terms &#038; conditions' class='ff-el-form-check-label ff_tc_label' for=gdpr-agreement_6a89ae6dc9281ffc2885e78e8e90a98d><input type=\"checkbox\" name=\"gdpr-agreement\" data-name=\"gdpr-agreement\" id=\"gdpr-agreement_6a89ae6dc9281ffc2885e78e8e90a98d\"  value='on' aria-invalid='false' aria-required=true> Ich bin damit einverstanden, dass diese Website meine eingereichten Informationen speichert, damit sie auf meine Anfrage antworten k\u00f6nnen. Ich akzeptiere die <a href=\"https:\/\/hanf.com\/Datenschutz\" target=\"_blank\" rel=\"noopener\">Daten\u00adschutz\u00aderkl\u00e4rung<\/a><\/label><button type=\"submit\" >B2B-Anfrage senden<\/button><\/fieldset>\n<\/form>\n<p>Vielen Dank f\u00fcr euer Interesse an Hanf.com als eurem B2B-Partner. Wir freuen uns darauf, euch unsere hochwertigen Hanfprodukte und erstklassigen Serviceleistungen anzubieten!<\/p>\n<h2>H\u00e4ufig gestellte Fragen<\/h2>\n<p>\t\t\tKeine Filialen gefunden<\/p>\n","protected":false},"excerpt":{"rendered":"<p>Wir bei Hanf.com sind stolz darauf, nicht nur hochwertige Produkte f\u00fcr unsere Endverbraucher anzubieten, sondern auch im B2B-Bereich aktiv zu sein. Unser B2B-Angebot richtet sich speziell an Unternehmen und Fachleute in der Hanfindustrie. Ob ihr Einzelh\u00e4ndler, Gro\u00dfh\u00e4ndler, Hersteller oder Vertreter einer anderen Gesch\u00e4ftst\u00e4tigkeit seid &#8211; wir bieten euch erstklassige Hanfprodukte und ma\u00dfgeschneiderte L\u00f6sungen, um euer [&hellip;]<\/p>\n","protected":false},"author":3,"featured_media":0,"parent":0,"menu_order":0,"comment_status":"closed","ping_status":"closed","template":"","meta":{"_acf_changed":false,"_seopress_robots_primary_cat":"","_seopress_titles_title":"Hochwertige Hanfprodukte f\u00fcr Ihr Business bei Hanf.com entdecken!","_seopress_titles_desc":"Hochwertige Hanfprodukte, wettbewerbsf\u00e4hige Preise und nachhaltige Partnerschaften auf Hanf.com. Werden Sie Teil unseres B2B-Netzwerks!","_seopress_robots_index":"","footnotes":""},"class_list":["post-2697","page","type-page","status-publish","hentry"],"acf":[],"_links":{"self":[{"href":"https:\/\/hanf.com\/info\/wp-json\/wp\/v2\/pages\/2697","targetHints":{"allow":["GET"]}}],"collection":[{"href":"https:\/\/hanf.com\/info\/wp-json\/wp\/v2\/pages"}],"about":[{"href":"https:\/\/hanf.com\/info\/wp-json\/wp\/v2\/types\/page"}],"author":[{"embeddable":true,"href":"https:\/\/hanf.com\/info\/wp-json\/wp\/v2\/users\/3"}],"replies":[{"embeddable":true,"href":"https:\/\/hanf.com\/info\/wp-json\/wp\/v2\/comments?post=2697"}],"version-history":[{"count":2,"href":"https:\/\/hanf.com\/info\/wp-json\/wp\/v2\/pages\/2697\/revisions"}],"predecessor-version":[{"id":6442,"href":"https:\/\/hanf.com\/info\/wp-json\/wp\/v2\/pages\/2697\/revisions\/6442"}],"wp:attachment":[{"href":"https:\/\/hanf.com\/info\/wp-json\/wp\/v2\/media?parent=2697"}],"curies":[{"name":"wp","href":"https:\/\/api.w.org\/{rel}","templated":true}]}}