{"id":6816,"date":"2025-02-07T06:37:56","date_gmt":"2025-02-07T05:37:56","guid":{"rendered":"https:\/\/hanf.com\/info\/?page_id=6816"},"modified":"2025-03-03T15:49:33","modified_gmt":"2025-03-03T14:49:33","slug":"blog-archiv","status":"publish","type":"page","link":"https:\/\/hanf.com\/info\/blog-archiv\/","title":{"rendered":"Blog Archiv"},"content":{"rendered":"","protected":false},"excerpt":{"rendered":"","protected":false},"author":3,"featured_media":0,"parent":0,"menu_order":0,"comment_status":"closed","ping_status":"closed","template":"","meta":{"_acf_changed":false,"_seopress_robots_primary_cat":"","_seopress_titles_title":"Blog Archiv \u2013 Alle Beitr\u00e4ge rund um Hanf und CBD | HANF.com","_seopress_titles_desc":"St\u00f6bere im Blog Archiv von HANF.com und entdecke Beitr\u00e4ge zu Hanf, CBD und vielen weiteren Themen. Jetzt informieren und mehr erfahren!","_seopress_robots_index":"","footnotes":""},"class_list":["post-6816","page","type-page","status-publish","hentry"],"acf":[],"_links":{"self":[{"href":"https:\/\/hanf.com\/info\/wp-json\/wp\/v2\/pages\/6816","targetHints":{"allow":["GET"]}}],"collection":[{"href":"https:\/\/hanf.com\/info\/wp-json\/wp\/v2\/pages"}],"about":[{"href":"https:\/\/hanf.com\/info\/wp-json\/wp\/v2\/types\/page"}],"author":[{"embeddable":true,"href":"https:\/\/hanf.com\/info\/wp-json\/wp\/v2\/users\/3"}],"replies":[{"embeddable":true,"href":"https:\/\/hanf.com\/info\/wp-json\/wp\/v2\/comments?post=6816"}],"version-history":[{"count":2,"href":"https:\/\/hanf.com\/info\/wp-json\/wp\/v2\/pages\/6816\/revisions"}],"predecessor-version":[{"id":7580,"href":"https:\/\/hanf.com\/info\/wp-json\/wp\/v2\/pages\/6816\/revisions\/7580"}],"wp:attachment":[{"href":"https:\/\/hanf.com\/info\/wp-json\/wp\/v2\/media?parent=6816"}],"curies":[{"name":"wp","href":"https:\/\/api.w.org\/{rel}","templated":true}]}}