{"id":7612,"date":"2025-03-12T02:47:50","date_gmt":"2025-03-12T01:47:50","guid":{"rendered":"https:\/\/hanf.com\/info\/?page_id=7612"},"modified":"2025-04-25T08:29:57","modified_gmt":"2025-04-25T06:29:57","slug":"ueber-uns","status":"publish","type":"page","link":"https:\/\/hanf.com\/info\/ueber-uns\/","title":{"rendered":"\u00dcber Uns"},"content":{"rendered":"","protected":false},"excerpt":{"rendered":"","protected":false},"author":3,"featured_media":0,"parent":0,"menu_order":0,"comment_status":"closed","ping_status":"closed","template":"","meta":{"_acf_changed":false,"_seopress_robots_primary_cat":"","_seopress_titles_title":"Willkommen bei HANF.com - hier erf\u00e4hrst du alles \u00fcber uns!","_seopress_titles_desc":"Lerne jetzt HANF.com kennen \u2713 Deine Plattform f\u00fcr legales Cannabis, Qualit\u00e4t & Verantwortung | Erfahre mehr \u00fcber unsere Werte & Vision!","_seopress_robots_index":"","footnotes":""},"class_list":["post-7612","page","type-page","status-publish","hentry"],"acf":[],"_links":{"self":[{"href":"https:\/\/hanf.com\/info\/wp-json\/wp\/v2\/pages\/7612","targetHints":{"allow":["GET"]}}],"collection":[{"href":"https:\/\/hanf.com\/info\/wp-json\/wp\/v2\/pages"}],"about":[{"href":"https:\/\/hanf.com\/info\/wp-json\/wp\/v2\/types\/page"}],"author":[{"embeddable":true,"href":"https:\/\/hanf.com\/info\/wp-json\/wp\/v2\/users\/3"}],"replies":[{"embeddable":true,"href":"https:\/\/hanf.com\/info\/wp-json\/wp\/v2\/comments?post=7612"}],"version-history":[{"count":2,"href":"https:\/\/hanf.com\/info\/wp-json\/wp\/v2\/pages\/7612\/revisions"}],"predecessor-version":[{"id":8605,"href":"https:\/\/hanf.com\/info\/wp-json\/wp\/v2\/pages\/7612\/revisions\/8605"}],"wp:attachment":[{"href":"https:\/\/hanf.com\/info\/wp-json\/wp\/v2\/media?parent=7612"}],"curies":[{"name":"wp","href":"https:\/\/api.w.org\/{rel}","templated":true}]}}